{"id":288,"date":"2018-10-01T09:08:44","date_gmt":"2018-10-01T08:08:44","guid":{"rendered":"https:\/\/oesterskovgaard.dk\/?page_id=288"},"modified":"2018-10-22T12:48:41","modified_gmt":"2018-10-22T11:48:41","slug":"kontakt","status":"publish","type":"page","link":"https:\/\/oesterskovgaard.dk\/?page_id=288","title":{"rendered":"Kontakt"},"content":{"rendered":"<p>[et_pb_section fb_built=&#8221;1&#8243; admin_label=&#8221;Page Title Section&#8221; _builder_version=&#8221;3.17.2&#8243; background_color_gradient_direction=&#8221;115deg&#8221; background_image=&#8221;https:\/\/oesterskovgaard.dk\/wp-content\/uploads\/2018\/10\/AdobeStock_116892432.jpeg&#8221; background_position=&#8221;bottom_center&#8221; custom_padding=&#8221;100px||100px||false|false&#8221;][et_pb_row use_custom_width=&#8221;on&#8221; custom_width_px=&#8221;960px&#8221; custom_padding=&#8221;27px|40px||10%&#8221; custom_margin=&#8221;|||0px&#8221; padding_1_tablet=&#8221;|||10%&#8221; padding_1_last_edited=&#8221;off|desktop&#8221; _builder_version=&#8221;3.17.2&#8243; background_color=&#8221;#22262d&#8221; background_size=&#8221;initial&#8221; background_position=&#8221;top_left&#8221; background_repeat=&#8221;repeat&#8221; border_radii=&#8221;||6px|6px|&#8221; border_width_right=&#8221;30px&#8221; border_color_right=&#8221;#bdada0&#8243; animation_style=&#8221;slide&#8221; animation_direction=&#8221;left&#8221; animation_intensity_slide=&#8221;2%&#8221; locked=&#8221;off&#8221;][et_pb_column type=&#8221;4_4&#8243; _builder_version=&#8221;3.0.47&#8243; padding_tablet=&#8221;|||10%&#8221; padding_last_edited=&#8221;off|desktop&#8221; parallax=&#8221;off&#8221; parallax_method=&#8221;on&#8221;][et_pb_text admin_label=&#8221;Title&#8221; _builder_version=&#8221;3.0.106&#8243; text_font=&#8221;||||||||&#8221; header_font=&#8221;Abhaya Libre|700|||||||&#8221; header_font_size=&#8221;70px&#8221; header_font_size_tablet=&#8221;40px&#8221; header_font_size_last_edited=&#8221;on|tablet&#8221; header_line_height=&#8221;1.2em&#8221; header_4_font=&#8221;||||||||&#8221; background_layout=&#8221;dark&#8221; custom_margin=&#8221;|||&#8221; custom_padding=&#8221;|||&#8221;]<\/p>\n<h1>Vi H\u00f8rer Gerne Fra Dig<\/h1>\n<p>[\/et_pb_text][\/et_pb_column][\/et_pb_row][\/et_pb_section][et_pb_section fb_built=&#8221;1&#8243; admin_label=&#8221;Get In Touch Section&#8221; _builder_version=&#8221;3.15&#8243; custom_padding=&#8221;54px||54px||false|false&#8221;][et_pb_row custom_padding=&#8221;30px|0px|0|0|false|false&#8221; _builder_version=&#8221;3.17.2&#8243;][et_pb_column type=&#8221;1_2&#8243; _builder_version=&#8221;3.0.47&#8243; parallax=&#8221;off&#8221; parallax_method=&#8221;on&#8221;][et_pb_code _builder_version=&#8221;3.10.2&#8243; custom_margin=&#8221;|||200px&#8221; custom_margin_tablet=&#8221;|||150px&#8221; custom_margin_phone=&#8221;|||0px&#8221; custom_margin_last_edited=&#8221;on|desktop&#8221; custom_padding=&#8221;|||&#8221;][contact-form-7 404 \"Not Found\"][\/et_pb_code][\/et_pb_column][et_pb_column type=&#8221;1_2&#8243; _builder_version=&#8221;3.0.47&#8243; parallax=&#8221;off&#8221; parallax_method=&#8221;on&#8221;][et_pb_image src=&#8221;https:\/\/oesterskovgaard.dk\/wp-content\/uploads\/2018\/10\/10841885_843504865701680_899872494175703931_o.jpg&#8221; align=&#8221;center&#8221; force_fullwidth=&#8221;on&#8221; _builder_version=&#8221;3.17.2&#8243;][\/et_pb_image][et_pb_text _builder_version=&#8221;3.17.2&#8243; text_font=&#8221;Nunito||||||||&#8221; text_text_color=&#8221;#bda392&#8243; text_line_height=&#8221;1.8em&#8221; link_font=&#8221;||||||||&#8221; link_text_color=&#8221;#c7755a&#8221; header_font=&#8221;||||||||&#8221; header_3_font=&#8221;Abhaya Libre|700|||||||&#8221; header_3_font_size=&#8221;24px&#8221; header_3_line_height=&#8221;1.4em&#8221; header_4_font=&#8221;||||||||&#8221; custom_margin=&#8221;||15px|&#8221; custom_padding=&#8221;10px|||&#8221; custom_padding_tablet=&#8221;|||150px&#8221; custom_padding_phone=&#8221;|||0px&#8221; custom_padding_last_edited=&#8221;on|phone&#8221; animation_style=&#8221;fold&#8221; animation_direction=&#8221;bottom&#8221; animation_intensity_fold=&#8221;10%&#8221; animation_starting_opacity=&#8221;100%&#8221; locked=&#8221;off&#8221;]<\/p>\n<h3>Adresse<\/h3>\n<table style=\"border-color: #ffffff;\" width=\"363\" height=\"100\">\n<tbody>\n<tr>\n<td style=\"width: 161px;\"><strong>\u00d8sterskovg\u00e5rd<\/strong><br \/> v\/ Kurt Andersen<br \/> Fl\u00f8jstrupvej 88<br \/> 8340 Malling<\/td>\n<td style=\"width: 186px;\"><strong>Servbog\u00e5rd<\/strong><br \/> Lykkeg\u00e5rdsvej 18-21<br \/> Fastrup<br \/> 8355 Solbjerg<\/td>\n<\/tr>\n<\/tbody>\n<\/table>\n<p>[\/et_pb_text][et_pb_text _builder_version=&#8221;3.10.2&#8243; text_font=&#8221;Nunito||||||||&#8221; text_text_color=&#8221;#bda392&#8243; text_line_height=&#8221;1.8em&#8221; link_font=&#8221;||||||||&#8221; link_text_color=&#8221;#c7755a&#8221; header_font=&#8221;||||||||&#8221; header_3_font=&#8221;Abhaya Libre|700|||||||&#8221; header_3_font_size=&#8221;24px&#8221; header_3_line_height=&#8221;1.4em&#8221; header_4_font=&#8221;||||||||&#8221; custom_margin=&#8221;||15px|&#8221; custom_padding=&#8221;10px|||&#8221; custom_padding_tablet=&#8221;|||150px&#8221; custom_padding_phone=&#8221;|||0px&#8221; custom_padding_last_edited=&#8221;on|phone&#8221; animation_style=&#8221;fold&#8221; animation_direction=&#8221;bottom&#8221; animation_intensity_fold=&#8221;10%&#8221; animation_starting_opacity=&#8221;100%&#8221; locked=&#8221;off&#8221;]<\/p>\n<h3>Andet<\/h3>\n<table style=\"border-color: #ffffff;\">\n<tbody>\n<tr>\n<td>Telefon<\/td>\n<td>86 93 03 03<\/td>\n<\/tr>\n<tr>\n<td>Fax<\/td>\n<td>86 93 03 82<\/td>\n<\/tr>\n<tr>\n<td>Mobil<\/td>\n<td>40 53 33 03<\/td>\n<\/tr>\n<tr>\n<td>Email<\/td>\n<td>mail@oesterskovgaard.dk<\/td>\n<\/tr>\n<tr>\n<td>CVR<\/td>\n<td>DK84728616<\/td>\n<\/tr>\n<\/tbody>\n<\/table>\n<p>[\/et_pb_text][et_pb_social_media_follow follow_button=&#8221;on&#8221; disabled_on=&#8221;on|on|off&#8221; _builder_version=&#8221;3.17.2&#8243; text_orientation=&#8221;center&#8221; custom_margin=&#8221;30px||&#8221; custom_margin_last_edited=&#8221;on|tablet&#8221; animation_style=&#8221;slide&#8221; animation_direction=&#8221;top&#8221; animation_intensity_slide=&#8221;10%&#8221;][et_pb_social_media_follow_network social_network=&#8221;facebook&#8221; _builder_version=&#8221;3.17.2&#8243; background_color=&#8221;#22262d&#8221; custom_margin=&#8221;4px|4px|4px|4px&#8221; custom_padding=&#8221;8px|8px|8px|8px&#8221; follow_button=&#8221;on&#8221; url_new_window=&#8221;on&#8221;]facebook[\/et_pb_social_media_follow_network][\/et_pb_social_media_follow][\/et_pb_column][\/et_pb_row][et_pb_row custom_padding=&#8221;0|0px|27px|0px|false|false&#8221; _builder_version=&#8221;3.0.106&#8243;][et_pb_column type=&#8221;4_4&#8243; _builder_version=&#8221;3.0.47&#8243; parallax=&#8221;off&#8221; parallax_method=&#8221;on&#8221;][et_pb_text _builder_version=&#8221;3.10.2&#8243; text_font=&#8221;Nunito||||||||&#8221; text_text_color=&#8221;#bda392&#8243; text_line_height=&#8221;1.8em&#8221; link_font=&#8221;||||||||&#8221; link_text_color=&#8221;#c7755a&#8221; header_font=&#8221;||||||||&#8221; header_3_font=&#8221;Abhaya Libre|700|||||||&#8221; header_3_font_size=&#8221;24px&#8221; header_3_line_height=&#8221;1.4em&#8221; header_4_font=&#8221;||||||||&#8221; custom_margin=&#8221;||15px|&#8221; custom_padding=&#8221;10px|||&#8221; custom_padding_tablet=&#8221;|||150px&#8221; custom_padding_phone=&#8221;|||0px&#8221; custom_padding_last_edited=&#8221;on|phone&#8221; animation_style=&#8221;fold&#8221; animation_direction=&#8221;bottom&#8221; animation_intensity_fold=&#8221;10%&#8221; animation_starting_opacity=&#8221;100%&#8221; locked=&#8221;off&#8221;]<\/p>\n<h3>Bankoplysninger<\/h3>\n<table style=\"border-color: #ffffff;\">\n<tbody>\n<tr>\n<td>Bank<\/td>\n<td>Vestjysk Bank<\/td>\n<\/tr>\n<tr>\n<td>Reg.nr.<\/td>\n<td>7270<\/td>\n<\/tr>\n<tr>\n<td>Kontonr.<\/td>\n<td>0002089011<\/td>\n<\/tr>\n<tr>\n<td>SWIFT<\/td>\n<td>VEHODK22<\/td>\n<\/tr>\n<tr>\n<td>IBAN<\/td>\n<td>DK09 7270 0002 0890 11<\/td>\n<\/tr>\n<tr>\n<td>NETS Kreditor<\/td>\n<td>87980855<\/td>\n<\/tr>\n<\/tbody>\n<\/table>\n<p>[\/et_pb_text][et_pb_social_media_follow follow_button=&#8221;on&#8221; disabled_on=&#8221;off|off|on&#8221; _builder_version=&#8221;3.17.2&#8243; text_orientation=&#8221;center&#8221; custom_margin=&#8221;30px||&#8221; custom_margin_last_edited=&#8221;on|tablet&#8221; animation_style=&#8221;slide&#8221; animation_direction=&#8221;top&#8221; animation_intensity_slide=&#8221;10%&#8221;][et_pb_social_media_follow_network social_network=&#8221;facebook&#8221; _builder_version=&#8221;3.17.2&#8243; background_color=&#8221;#22262d&#8221; custom_margin=&#8221;4px|4px|4px|4px&#8221; custom_padding=&#8221;8px|8px|8px|8px&#8221; follow_button=&#8221;on&#8221; url_new_window=&#8221;on&#8221;]facebook[\/et_pb_social_media_follow_network][\/et_pb_social_media_follow][\/et_pb_column][\/et_pb_row][\/et_pb_section]<\/p>\n","protected":false},"excerpt":{"rendered":"<p>Vi H\u00f8rer Gerne Fra Dig[contact-form-7 404 \"Not Found\"]Adresse \u00d8sterskovg\u00e5rd v\/ Kurt Andersen Fl\u00f8jstrupvej 88 8340 Malling Servbog\u00e5rd Lykkeg\u00e5rdsvej 18-21 Fastrup 8355 Solbjerg Andet Telefon 86 93 03 03 Fax 86 93 03 82 Mobil 40 53 33 03 Email mail@oesterskovgaard.dk CVR DK84728616 Bankoplysninger Bank Vestjysk Bank Reg.nr. 7270 Kontonr. 0002089011 SWIFT VEHODK22 IBAN DK09 7270 0002 [&hellip;]<\/p>\n","protected":false},"author":1,"featured_media":0,"parent":0,"menu_order":0,"comment_status":"closed","ping_status":"closed","template":"","meta":{"_et_pb_use_builder":"on","_et_pb_old_content":"","_et_gb_content_width":"","footnotes":""},"class_list":["post-288","page","type-page","status-publish","hentry"],"_links":{"self":[{"href":"https:\/\/oesterskovgaard.dk\/index.php?rest_route=\/wp\/v2\/pages\/288","targetHints":{"allow":["GET"]}}],"collection":[{"href":"https:\/\/oesterskovgaard.dk\/index.php?rest_route=\/wp\/v2\/pages"}],"about":[{"href":"https:\/\/oesterskovgaard.dk\/index.php?rest_route=\/wp\/v2\/types\/page"}],"author":[{"embeddable":true,"href":"https:\/\/oesterskovgaard.dk\/index.php?rest_route=\/wp\/v2\/users\/1"}],"replies":[{"embeddable":true,"href":"https:\/\/oesterskovgaard.dk\/index.php?rest_route=%2Fwp%2Fv2%2Fcomments&post=288"}],"version-history":[{"count":30,"href":"https:\/\/oesterskovgaard.dk\/index.php?rest_route=\/wp\/v2\/pages\/288\/revisions"}],"predecessor-version":[{"id":797,"href":"https:\/\/oesterskovgaard.dk\/index.php?rest_route=\/wp\/v2\/pages\/288\/revisions\/797"}],"wp:attachment":[{"href":"https:\/\/oesterskovgaard.dk\/index.php?rest_route=%2Fwp%2Fv2%2Fmedia&parent=288"}],"curies":[{"name":"wp","href":"https:\/\/api.w.org\/{rel}","templated":true}]}}