{"id":2,"date":"2016-05-10T03:48:21","date_gmt":"2016-05-10T03:48:21","guid":{"rendered":"http:\/\/wp452m.a10-52-158-154.qa.plesk.ru\/wordpress\/?page_id=2"},"modified":"2018-10-25T13:10:54","modified_gmt":"2018-10-25T12:10:54","slug":"sample-page","status":"publish","type":"page","link":"https:\/\/oesterskovgaard.dk\/","title":{"rendered":"Velkommen"},"content":{"rendered":"<p>[et_pb_section fb_built=&#8221;1&#8243; disabled_on=&#8221;on|on|off&#8221; _builder_version=&#8221;3.17.2&#8243; background_image=&#8221;https:\/\/oesterskovgaard.dk\/wp-content\/uploads\/2018\/10\/20_0567-2.jpg&#8221; max_width_last_edited=&#8221;on|desktop&#8221; module_alignment=&#8221;left&#8221; custom_margin=&#8221;|880px||&#8221; custom_margin_tablet=&#8221;|0px||&#8221; custom_margin_phone=&#8221;0px|||&#8221; custom_margin_last_edited=&#8221;on|tablet&#8221; custom_padding=&#8221;179px|0|179px|0px|false|false&#8221;][et_pb_row use_custom_width=&#8221;on&#8221; custom_width_px=&#8221;960px&#8221; use_custom_gutter=&#8221;on&#8221; custom_padding=&#8221;20px|0%|10px|3%|false|false&#8221; custom_margin=&#8221;||10px|1083px&#8221; padding_1_tablet=&#8221;|||10%&#8221; padding_1_last_edited=&#8221;off|desktop&#8221; disabled_on=&#8221;on|on|off&#8221; _builder_version=&#8221;3.17.2&#8243; background_color=&#8221;#22262d&#8221; background_size=&#8221;initial&#8221; background_position=&#8221;top_left&#8221; background_repeat=&#8221;repeat&#8221; border_radii=&#8221;|6px|||6px&#8221; border_color_right=&#8221;#bdada0&#8243; border_width_left=&#8221;30px&#8221; border_color_left=&#8221;#bdada0&#8243; box_shadow_style=&#8221;preset3&#8243; box_shadow_vertical=&#8221;35px&#8221; box_shadow_blur=&#8221;70px&#8221; box_shadow_spread=&#8221;-35px&#8221; box_shadow_color=&#8221;rgba(0,0,0,0.6)&#8221; custom_margin_tablet=&#8221;||0px|100px&#8221; custom_margin_last_edited=&#8221;on|tablet&#8221; animation_style=&#8221;slide&#8221; animation_direction=&#8221;left&#8221; animation_intensity_slide=&#8221;2%&#8221; border_radii__hover_enabled=&#8221;on&#8221;][et_pb_column type=&#8221;4_4&#8243; _builder_version=&#8221;3.0.47&#8243; padding_tablet=&#8221;|||10%&#8221; padding_last_edited=&#8221;off|desktop&#8221; parallax=&#8221;off&#8221; parallax_method=&#8221;on&#8221;][et_pb_text admin_label=&#8221;Title&#8221; _builder_version=&#8221;3.17.2&#8243; text_font=&#8221;||||||||&#8221; header_font=&#8221;Abhaya Libre|700|||||||&#8221; header_font_size=&#8221;56px&#8221; header_font_size_tablet=&#8221;10px&#8221; header_font_size_last_edited=&#8221;on|phone&#8221; header_4_font=&#8221;||||||||&#8221; background_color=&#8221;#22262d&#8221; background_layout=&#8221;dark&#8221; custom_margin=&#8221;|||&#8221; custom_padding=&#8221;|||&#8221;]<\/p>\n<h1>Velkommen til \u00d8sterskovgaard<\/h1>\n<p>[\/et_pb_text][\/et_pb_column][\/et_pb_row][et_pb_row use_custom_width=&#8221;on&#8221; custom_width_px=&#8221;960px&#8221; custom_padding=&#8221;50px|0|0|15%|false|false&#8221; custom_margin=&#8221;||100px|1000px&#8221; padding_1_tablet=&#8221;|||10%&#8221; padding_1_last_edited=&#8221;off|desktop&#8221; disabled_on=&#8221;on|on|off&#8221; _builder_version=&#8221;3.17.2&#8243; background_size=&#8221;initial&#8221; background_position=&#8221;top_left&#8221; background_repeat=&#8221;repeat&#8221; border_radii=&#8221;|6px|6px|6px|6px&#8221; border_color_right=&#8221;#bdada0&#8243; border_color_left=&#8221;#bdada0&#8243; animation_direction=&#8221;left&#8221;][et_pb_column type=&#8221;4_4&#8243; _builder_version=&#8221;3.0.47&#8243; padding_tablet=&#8221;|||10%&#8221; padding_last_edited=&#8221;off|desktop&#8221; parallax=&#8221;off&#8221; parallax_method=&#8221;on&#8221;][et_pb_text _builder_version=&#8221;3.17.2&#8243; text_font=&#8221;Abhaya Libre||||||||&#8221; text_font_size=&#8221;19px&#8221; text_font_size_tablet=&#8221;12px&#8221; text_font_size_phone=&#8221;11px&#8221; text_font_size_last_edited=&#8221;on|desktop&#8221;]<\/p>\n<p>Vi udf\u00f8re alt i planteavl og har mange \u00e5rs erfaring indenfor \u00f8kologi<\/p>\n<p>Vores mange \u00e5rs erfaring er med til at g\u00f8res os til specialister indenfor wraph\u00f8 samt \u00f8kologisk landbrug.<\/p>\n<p>Vi h\u00e5ber du finder de informationer du leder efter, ellers er du velkommen til at tage kontakt til os, du kan finde vores kontakt informationer under Kontakt i menuen.<\/p>\n<p>[\/et_pb_text][et_pb_button button_url=&#8221;https:\/\/oesterskovgaard.dk\/?page_id=20&#8243; button_text=&#8221;G\u00e5 til produkter&#8221; button_alignment=&#8221;left&#8221; _builder_version=&#8221;3.17.2&#8243; custom_button=&#8221;on&#8221; button_text_size=&#8221;14px&#8221; button_text_color=&#8221;#22262d&#8221; button_font=&#8221;Abhaya Libre|||on|||||&#8221; button_icon=&#8221;%%3%%&#8221; button_text_size_tablet=&#8221;12px&#8221; button_text_size_last_edited=&#8221;on|desktop&#8221; custom_margin=&#8221;20px|||&#8221; custom_padding=&#8221;|||&#8221; button_text_color_hover=&#8221;#006321&#8243; button_bg_color_hover=&#8221;rgba(41,99,60,0.3)&#8221; button_text_size__hover_enabled=&#8221;off&#8221; button_one_text_size__hover_enabled=&#8221;off&#8221; button_two_text_size__hover_enabled=&#8221;off&#8221; button_text_color__hover_enabled=&#8221;on&#8221; button_text_color__hover=&#8221;#22262d&#8221; button_one_text_color__hover_enabled=&#8221;off&#8221; button_two_text_color__hover_enabled=&#8221;off&#8221; button_border_width__hover_enabled=&#8221;off&#8221; button_one_border_width__hover_enabled=&#8221;off&#8221; button_two_border_width__hover_enabled=&#8221;off&#8221; button_border_color__hover_enabled=&#8221;off&#8221; button_one_border_color__hover_enabled=&#8221;off&#8221; button_two_border_color__hover_enabled=&#8221;off&#8221; button_border_radius__hover_enabled=&#8221;off&#8221; button_one_border_radius__hover_enabled=&#8221;off&#8221; button_two_border_radius__hover_enabled=&#8221;off&#8221; button_letter_spacing__hover_enabled=&#8221;off&#8221; button_one_letter_spacing__hover_enabled=&#8221;off&#8221; button_two_letter_spacing__hover_enabled=&#8221;off&#8221; button_bg_color__hover_enabled=&#8221;on&#8221; button_bg_color__hover=&#8221;rgba(5,24,45,0.22)&#8221; button_one_bg_color__hover_enabled=&#8221;off&#8221; button_two_bg_color__hover_enabled=&#8221;off&#8221;][\/et_pb_button][\/et_pb_column][\/et_pb_row][\/et_pb_section][et_pb_section fb_built=&#8221;1&#8243; fullwidth=&#8221;on&#8221; disabled_on=&#8221;off|off|on&#8221; _builder_version=&#8221;3.17.2&#8243; custom_padding=&#8221;0|0px|0|0px|false|false&#8221;][et_pb_fullwidth_image src=&#8221;https:\/\/oesterskovgaard.dk\/wp-content\/uploads\/2018\/10\/10841885_843504865701680_899872494175703931_o.jpg&#8221; _builder_version=&#8221;3.17.2&#8243;][\/et_pb_fullwidth_image][\/et_pb_section][et_pb_section fb_built=&#8221;1&#8243; custom_padding_last_edited=&#8221;on|tablet&#8221; disabled_on=&#8221;off|off|on&#8221; _builder_version=&#8221;3.17.2&#8243; custom_padding_tablet=&#8221;||176px&#8221; custom_padding_phone=&#8221;||20px&#8221;][et_pb_row use_custom_width=&#8221;on&#8221; custom_width_px=&#8221;960px&#8221; use_custom_gutter=&#8221;on&#8221; custom_padding=&#8221;|0%||3%|false|false&#8221; custom_margin=&#8221;||10px|0px&#8221; padding_1_tablet=&#8221;|||10%&#8221; padding_1_last_edited=&#8221;off|desktop&#8221; _builder_version=&#8221;3.17.2&#8243; background_color=&#8221;#22262d&#8221; background_size=&#8221;initial&#8221; background_position=&#8221;top_left&#8221; background_repeat=&#8221;repeat&#8221; border_radii=&#8221;||6px|6px|&#8221; border_width_right=&#8221;30px&#8221; border_color_right=&#8221;#bdada0&#8243; border_color_left=&#8221;#bdada0&#8243; box_shadow_style=&#8221;preset3&#8243; box_shadow_vertical=&#8221;35px&#8221; box_shadow_blur=&#8221;70px&#8221; box_shadow_spread=&#8221;-35px&#8221; box_shadow_color=&#8221;rgba(0,0,0,0.6)&#8221; custom_margin_tablet=&#8221;||0px|0px&#8221; custom_margin_phone=&#8221;|||0px&#8221; custom_margin_last_edited=&#8221;on|phone&#8221; animation_style=&#8221;slide&#8221; animation_direction=&#8221;left&#8221; animation_intensity_slide=&#8221;2%&#8221; border_radii__hover_enabled=&#8221;on&#8221;][et_pb_column type=&#8221;4_4&#8243; _builder_version=&#8221;3.0.47&#8243; padding_tablet=&#8221;|||10%&#8221; padding_last_edited=&#8221;off|desktop&#8221; parallax=&#8221;off&#8221; parallax_method=&#8221;on&#8221;][et_pb_text admin_label=&#8221;Title&#8221; _builder_version=&#8221;3.17.2&#8243; text_font=&#8221;||||||||&#8221; header_font=&#8221;Abhaya Libre|700|||||||&#8221; header_font_size=&#8221;56px&#8221; header_font_size_tablet=&#8221;40px&#8221; header_font_size_phone=&#8221;25px&#8221; header_font_size_last_edited=&#8221;on|phone&#8221; header_4_font=&#8221;||||||||&#8221; background_color=&#8221;#22262d&#8221; background_layout=&#8221;dark&#8221; custom_margin=&#8221;|||&#8221; custom_padding=&#8221;|||&#8221;]<\/p>\n<h1>Velkommen til \u00d8sterskovgaard<\/h1>\n<p>[\/et_pb_text][\/et_pb_column][\/et_pb_row][et_pb_row custom_padding=&#8221;30px|0px|30px|120px|false|false&#8221; custom_padding_tablet=&#8221;60px|110px||20px||false&#8221; custom_padding_phone=&#8221;|0px||0px&#8221; custom_padding_last_edited=&#8221;on|tablet&#8221; _builder_version=&#8221;3.17.2&#8243;][et_pb_column type=&#8221;4_4&#8243; _builder_version=&#8221;3.17.2&#8243; parallax=&#8221;off&#8221; parallax_method=&#8221;on&#8221;][et_pb_text _builder_version=&#8221;3.17.2&#8243; text_font=&#8221;Abhaya Libre||||||||&#8221; text_font_size=&#8221;19px&#8221; text_font_size_tablet=&#8221;12px&#8221; text_font_size_phone=&#8221;11px&#8221; text_font_size_last_edited=&#8221;on|desktop&#8221; header_font=&#8221;||||||||&#8221;]<\/p>\n<p>Vi udf\u00f8re alt i planteavl og har mange \u00e5rs erfaring indenfor \u00f8kologi<\/p>\n<p>Vores mange \u00e5rs erfaring er med til at g\u00f8res os til specialister indenfor wraph\u00f8 samt \u00f8kologisk landbrug.<\/p>\n<p>Vi h\u00e5ber du finder de informationer du leder efter, ellers er du velkommen til at tage kontakt til os, du kan finde vores kontakt informationer under Kontakt i menuen.<\/p>\n<p>[\/et_pb_text][et_pb_button button_url=&#8221;https:\/\/oesterskovgaard.dk\/?page_id=20&#8243; button_text=&#8221;G\u00e5 til produkter&#8221; button_alignment=&#8221;left&#8221; _builder_version=&#8221;3.17.2&#8243; custom_button=&#8221;on&#8221; button_text_size=&#8221;14px&#8221; button_text_color=&#8221;#22262d&#8221; button_font=&#8221;Abhaya Libre|||on|||||&#8221; button_icon=&#8221;%%3%%&#8221; button_text_size_tablet=&#8221;12px&#8221; button_text_size_last_edited=&#8221;on|desktop&#8221; custom_margin=&#8221;|||&#8221; custom_padding=&#8221;|||&#8221; button_text_color_hover=&#8221;#006321&#8243; button_bg_color_hover=&#8221;rgba(41,99,60,0.3)&#8221; button_text_size__hover_enabled=&#8221;off&#8221; button_one_text_size__hover_enabled=&#8221;off&#8221; button_two_text_size__hover_enabled=&#8221;off&#8221; button_text_color__hover_enabled=&#8221;on&#8221; button_text_color__hover=&#8221;#22262d&#8221; button_one_text_color__hover_enabled=&#8221;off&#8221; button_two_text_color__hover_enabled=&#8221;off&#8221; button_border_width__hover_enabled=&#8221;off&#8221; button_one_border_width__hover_enabled=&#8221;off&#8221; button_two_border_width__hover_enabled=&#8221;off&#8221; button_border_color__hover_enabled=&#8221;off&#8221; button_one_border_color__hover_enabled=&#8221;off&#8221; button_two_border_color__hover_enabled=&#8221;off&#8221; button_border_radius__hover_enabled=&#8221;off&#8221; button_one_border_radius__hover_enabled=&#8221;off&#8221; button_two_border_radius__hover_enabled=&#8221;off&#8221; button_letter_spacing__hover_enabled=&#8221;off&#8221; button_one_letter_spacing__hover_enabled=&#8221;off&#8221; button_two_letter_spacing__hover_enabled=&#8221;off&#8221; button_bg_color__hover_enabled=&#8221;on&#8221; button_bg_color__hover=&#8221;rgba(5,24,45,0.22)&#8221; button_one_bg_color__hover_enabled=&#8221;off&#8221; button_two_bg_color__hover_enabled=&#8221;off&#8221;][\/et_pb_button][\/et_pb_column][\/et_pb_row][\/et_pb_section]<\/p>\n","protected":false},"excerpt":{"rendered":"<p>Velkommen til \u00d8sterskovgaardVi udf\u00f8re alt i planteavl og har mange \u00e5rs erfaring indenfor \u00f8kologi Vores mange \u00e5rs erfaring er med til at g\u00f8res os til specialister indenfor wraph\u00f8 samt \u00f8kologisk landbrug. Vi h\u00e5ber du finder de informationer du leder efter, ellers er du velkommen til at tage kontakt til os, du kan finde vores kontakt [&hellip;]<\/p>\n","protected":false},"author":1,"featured_media":0,"parent":0,"menu_order":0,"comment_status":"closed","ping_status":"open","template":"","meta":{"_et_pb_use_builder":"on","_et_pb_old_content":"","_et_gb_content_width":"","footnotes":""},"class_list":["post-2","page","type-page","status-publish","hentry"],"_links":{"self":[{"href":"https:\/\/oesterskovgaard.dk\/index.php?rest_route=\/wp\/v2\/pages\/2","targetHints":{"allow":["GET"]}}],"collection":[{"href":"https:\/\/oesterskovgaard.dk\/index.php?rest_route=\/wp\/v2\/pages"}],"about":[{"href":"https:\/\/oesterskovgaard.dk\/index.php?rest_route=\/wp\/v2\/types\/page"}],"author":[{"embeddable":true,"href":"https:\/\/oesterskovgaard.dk\/index.php?rest_route=\/wp\/v2\/users\/1"}],"replies":[{"embeddable":true,"href":"https:\/\/oesterskovgaard.dk\/index.php?rest_route=%2Fwp%2Fv2%2Fcomments&post=2"}],"version-history":[{"count":122,"href":"https:\/\/oesterskovgaard.dk\/index.php?rest_route=\/wp\/v2\/pages\/2\/revisions"}],"predecessor-version":[{"id":819,"href":"https:\/\/oesterskovgaard.dk\/index.php?rest_route=\/wp\/v2\/pages\/2\/revisions\/819"}],"wp:attachment":[{"href":"https:\/\/oesterskovgaard.dk\/index.php?rest_route=%2Fwp%2Fv2%2Fmedia&parent=2"}],"curies":[{"name":"wp","href":"https:\/\/api.w.org\/{rel}","templated":true}]}}