{"id":15,"date":"2016-12-11T19:30:48","date_gmt":"2016-12-11T18:30:48","guid":{"rendered":"https:\/\/oesterskovgaard.dk\/?page_id=15"},"modified":"2018-10-22T07:56:31","modified_gmt":"2018-10-22T06:56:31","slug":"profil","status":"publish","type":"page","link":"https:\/\/oesterskovgaard.dk\/?page_id=15","title":{"rendered":"Om os"},"content":{"rendered":"<p>[et_pb_section fb_built=&#8221;1&#8243; admin_label=&#8221;Page Title Section&#8221; _builder_version=&#8221;3.10.2&#8243; use_background_color_gradient=&#8221;on&#8221; background_color_gradient_start=&#8221;#f4f4f4&#8243; background_color_gradient_end=&#8221;rgba(244,244,244,0)&#8221; background_color_gradient_direction=&#8221;90deg&#8221; background_color_gradient_start_position=&#8221;50%&#8221; background_color_gradient_end_position=&#8221;80%&#8221; background_color_gradient_overlays_image=&#8221;on&#8221; background_image=&#8221;https:\/\/oesterskovgaard.dk\/wp-content\/uploads\/2017\/05\/11_0558.jpg&#8221; custom_padding=&#8221;130px||130px||false|false&#8221;][et_pb_row use_custom_width=&#8221;on&#8221; custom_width_px=&#8221;960px&#8221; custom_padding=&#8221;27px|40px||10%&#8221; custom_margin=&#8221;||40px|0px&#8221; padding_1_tablet=&#8221;|||10%&#8221; padding_1_last_edited=&#8221;off|desktop&#8221; _builder_version=&#8221;3.17.2&#8243; background_color=&#8221;#22262d&#8221; background_size=&#8221;initial&#8221; background_position=&#8221;top_left&#8221; background_repeat=&#8221;repeat&#8221; border_radii=&#8221;||6px|6px|&#8221; border_width_right=&#8221;30px&#8221; border_color_right=&#8221;#bdada0&#8243; box_shadow_style=&#8221;preset3&#8243; box_shadow_vertical=&#8221;35px&#8221; box_shadow_blur=&#8221;70px&#8221; box_shadow_spread=&#8221;-35px&#8221; box_shadow_color=&#8221;rgba(0,0,0,0.6)&#8221; animation_style=&#8221;slide&#8221; animation_direction=&#8221;left&#8221; animation_intensity_slide=&#8221;2%&#8221;][et_pb_column type=&#8221;4_4&#8243; _builder_version=&#8221;3.0.47&#8243; padding_tablet=&#8221;|||10%&#8221; padding_last_edited=&#8221;off|desktop&#8221; parallax=&#8221;off&#8221; parallax_method=&#8221;on&#8221;][et_pb_text admin_label=&#8221;Title&#8221; _builder_version=&#8221;3.0.106&#8243; text_font=&#8221;||||||||&#8221; header_font=&#8221;Abhaya Libre|700|||||||&#8221; header_font_size=&#8221;70px&#8221; header_font_size_tablet=&#8221;40px&#8221; header_font_size_last_edited=&#8221;on|tablet&#8221; header_line_height=&#8221;1.2em&#8221; header_4_font=&#8221;||||||||&#8221; background_layout=&#8221;dark&#8221; custom_margin=&#8221;|||&#8221; custom_padding=&#8221;|||&#8221;]<\/p>\n<h1>Om \u00d8sterskovgaard<\/h1>\n<p>[\/et_pb_text][\/et_pb_column][\/et_pb_row][et_pb_row custom_padding=&#8221;29px||30px||false|false&#8221; background_color_1=&#8221;#f4f4f4&#8243; padding_1_tablet=&#8221;40px|40px|40px|40px&#8221; padding_1_last_edited=&#8221;on|tablet&#8221; _builder_version=&#8221;3.0.106&#8243;][et_pb_column type=&#8221;1_2&#8243; _builder_version=&#8221;3.0.47&#8243; padding_tablet=&#8221;40px|40px|40px|40px&#8221; padding_last_edited=&#8221;on|tablet&#8221; background_color=&#8221;#f4f4f4&#8243; parallax=&#8221;off&#8221; parallax_method=&#8221;on&#8221;][et_pb_text admin_label=&#8221;Title&#8221; _builder_version=&#8221;3.0.106&#8243; text_font=&#8221;Nunito|600|||||||&#8221; text_font_size=&#8221;15px&#8221; header_font=&#8221;||||||||&#8221; header_font_size=&#8221;80px&#8221; header_font_size_tablet=&#8221;40px&#8221; header_font_size_last_edited=&#8221;on|tablet&#8221; header_2_font=&#8221;Abhaya Libre|700|||||||&#8221; header_2_font_size=&#8221;64px&#8221; header_2_font_size_tablet=&#8221;40px&#8221; header_2_font_size_last_edited=&#8221;on|tablet&#8221; header_2_line_height=&#8221;1.2em&#8221; header_4_font=&#8221;Nunito|700||on|||||&#8221; header_4_text_color=&#8221;#bda392&#8243; header_4_letter_spacing=&#8221;2px&#8221; header_4_line_height=&#8221;1.8em&#8221; header_6_font=&#8221;Nunito|600|||||||&#8221; header_6_text_color=&#8221;#666666&#8243; header_6_font_size=&#8221;18px&#8221; header_6_line_height=&#8221;1.4em&#8221; max_width=&#8221;600px&#8221; custom_margin=&#8221;||40px|&#8221; animation_style=&#8221;slide&#8221; animation_direction=&#8221;right&#8221; animation_intensity_slide=&#8221;5%&#8221; animation_starting_opacity=&#8221;100%&#8221; locked=&#8221;off&#8221;]<\/p>\n<h4>Hvem er vi?<\/h4>\n<h2>Vores Historie<\/h2>\n<p>[\/et_pb_text][et_pb_text _builder_version=&#8221;3.10.2&#8243; text_font=&#8221;Nunito||||||||&#8221; text_font_size=&#8221;16px&#8221; text_line_height=&#8221;1.8em&#8221; header_font=&#8221;||||||||&#8221; header_3_font=&#8221;Abhaya Libre|600||on|||||&#8221; max_width=&#8221;600px&#8221; custom_margin=&#8221;|||&#8221; custom_padding=&#8221;||10px|&#8221; animation_style=&#8221;slide&#8221; animation_direction=&#8221;right&#8221; animation_intensity_slide=&#8221;5%&#8221; animation_starting_opacity=&#8221;100%&#8221; locked=&#8221;off&#8221;]<\/p>\n<p>Firmaet er grundlagt tilbage i 1978 under navnet Malling Maskinstation, hvor Kurt Andersen startede i Malling, og vi har eksisteret siden med kvalitetsprodukter, service og ydelser. Der er dog sket \u00e6ndringer undervejs, og navnet blev \u00e6ndret i 2007 til \u00d8sterskovg\u00e5rd. Dog er produkter, service og ydelser forblevet ved samme h\u00f8je standard.\u00a0\u00d8sterskovg\u00e5rd blev omlagt til \u00f8kologi i 1999. Det gjaldt b\u00e5de jordbrug og bes\u00e6tning. Vi s\u00e6lger \u00f8kologisk kalvek\u00f8d direkte fra slagteriet (Staldd\u00f8rssalg) k\u00f8det er udsk\u00e5ret\/hakket og klar til pose pakning. Endvidere s\u00e6lger vi h\u00f8, halm og wrap-h\u00f8. Udf\u00f8relse af alt arbejde indenfor landbrugs-, entrepren\u00f8r- og rendegraverarbejde, samt vedligeholdelse af gr\u00f8nne omr\u00e5der kan vi ogs\u00e5 klare.<\/p>\n<p>&nbsp;<\/p>\n<h3>\u00d8sterskovgaard<\/h3>\n<p>G\u00e5rden \u00d8rsterskovg\u00e5rd er tilbage fra 1800 tallet, hvor de gamle bygninger blev \u201cgrundlagt\u201d, Stuehuset br\u00e6ndte dog i starten 1960\u2019erne og det nye stuehus er derfor fra 1960\u2019erne.<br \/> Siden br\u00e6ndte den gamle rundbuge hal i slutningen 1990\u2019erne og der blev bygget de nye haller.<\/p>\n<p>&nbsp;<\/p>\n<h3>Stervbog\u00e5rd<\/h3>\n<p>\u00d8sterskovg\u00e5rd overtager Stervbog\u00e5rd den 1. Oktober 2015 hvor ejendommen bliver lagt ind under \u00d8sterskovg\u00e5rd. Ejendommen er i bortforpagter af driften til Malling Landbrug ApS.<br \/> Det er en smuk beliggenhed rundt om ejendommen og dens arealer op til Solbjerg\/Stilling s\u00f8en.<\/p>\n<p>&nbsp;<\/p>\n<p>[\/et_pb_text][\/et_pb_column][et_pb_column type=&#8221;1_2&#8243; _builder_version=&#8221;3.0.47&#8243; parallax=&#8221;off&#8221; parallax_method=&#8221;on&#8221;][\/et_pb_column][\/et_pb_row][\/et_pb_section][et_pb_section fb_built=&#8221;1&#8243; admin_label=&#8221;Achievement Section&#8221; _builder_version=&#8221;3.0.106&#8243; background_image=&#8221;https:\/\/oesterskovgaard.dk\/wp-content\/uploads\/2018\/09\/paper.jpg&#8221; custom_padding=&#8221;130px||100px||false|false&#8221;][et_pb_row custom_padding=&#8221;70px|3%|70px|3%&#8221; custom_margin=&#8221;-10%|||&#8221; custom_padding_last_edited=&#8221;on|phone&#8221; _builder_version=&#8221;3.0.106&#8243; background_color=&#8221;#bcaca0&#8243; border_radii=&#8221;on|10px|10px|10px|10px&#8221; box_shadow_style=&#8221;preset2&#8243; box_shadow_horizontal=&#8221;0px&#8221; box_shadow_vertical=&#8221;35px&#8221; box_shadow_blur=&#8221;65px&#8221; box_shadow_color=&#8221;rgba(188,163,146,0.1)&#8221; global_module=&#8221;431&#8243;][et_pb_column type=&#8221;1_3&#8243; _builder_version=&#8221;3.0.47&#8243; parallax=&#8221;off&#8221; parallax_method=&#8221;on&#8221;][et_pb_blurb title=&#8221;Book Vores Lokaler&#8221; use_icon=&#8221;on&#8221; font_icon=&#8221;%%128%%&#8221; icon_color=&#8221;#ffffff&#8221; use_circle=&#8221;on&#8221; circle_color=&#8221;rgba(189,173,160,0)&#8221; use_circle_border=&#8221;on&#8221; circle_border_color=&#8221;#ffffff&#8221; use_icon_font_size=&#8221;on&#8221; icon_font_size=&#8221;32px&#8221; admin_label=&#8221;Where To Buy&#8221; _builder_version=&#8221;3.15&#8243; header_font=&#8221;Abhaya Libre|700|||||||&#8221; header_text_color=&#8221;#ffffff&#8221; header_font_size=&#8221;24px&#8221; header_line_height=&#8221;1.2em&#8221; body_font=&#8221;Nunito||||||||&#8221; body_text_color=&#8221;#ffffff&#8221; body_font_size=&#8221;18px&#8221; text_orientation=&#8221;center&#8221;][\/et_pb_blurb][\/et_pb_column][et_pb_column type=&#8221;1_3&#8243; _builder_version=&#8221;3.0.47&#8243; parallax=&#8221;off&#8221; parallax_method=&#8221;on&#8221;][et_pb_blurb title=&#8221;Kontakt Os&#8221; use_icon=&#8221;on&#8221; font_icon=&#8221;%%258%%&#8221; icon_color=&#8221;#ffffff&#8221; use_circle=&#8221;on&#8221; circle_color=&#8221;rgba(189,173,160,0)&#8221; use_circle_border=&#8221;on&#8221; circle_border_color=&#8221;#ffffff&#8221; use_icon_font_size=&#8221;on&#8221; icon_font_size=&#8221;32px&#8221; admin_label=&#8221;Contact Manager&#8221; _builder_version=&#8221;3.0.106&#8243; header_font=&#8221;Abhaya Libre|700|||||||&#8221; header_text_color=&#8221;#ffffff&#8221; header_font_size=&#8221;24px&#8221; header_line_height=&#8221;1.2em&#8221; body_font=&#8221;Nunito||||||||&#8221; body_text_color=&#8221;#ffffff&#8221; body_font_size=&#8221;18px&#8221; text_orientation=&#8221;center&#8221; locked=&#8221;off&#8221;][\/et_pb_blurb][\/et_pb_column][et_pb_column type=&#8221;1_3&#8243; _builder_version=&#8221;3.0.47&#8243; parallax=&#8221;off&#8221; parallax_method=&#8221;on&#8221;][et_pb_blurb title=&#8221;Skriv Til Os&#8221; use_icon=&#8221;on&#8221; font_icon=&#8221;%%131%%&#8221; icon_color=&#8221;#ffffff&#8221; use_circle=&#8221;on&#8221; circle_color=&#8221;rgba(189,173,160,0)&#8221; use_circle_border=&#8221;on&#8221; circle_border_color=&#8221;#ffffff&#8221; use_icon_font_size=&#8221;on&#8221; icon_font_size=&#8221;32px&#8221; admin_label=&#8221;Contact Author&#8221; _builder_version=&#8221;3.0.106&#8243; header_font=&#8221;Abhaya Libre|700|||||||&#8221; header_text_color=&#8221;#ffffff&#8221; header_font_size=&#8221;24px&#8221; header_line_height=&#8221;1.2em&#8221; body_font=&#8221;Nunito||||||||&#8221; body_text_color=&#8221;#ffffff&#8221; body_font_size=&#8221;18px&#8221; text_orientation=&#8221;center&#8221; locked=&#8221;off&#8221;][\/et_pb_blurb][\/et_pb_column][\/et_pb_row][et_pb_row custom_padding=&#8221;60px|0px|27px|0px|false|false&#8221; _builder_version=&#8221;3.0.106&#8243;][et_pb_column type=&#8221;1_2&#8243; _builder_version=&#8221;3.0.47&#8243; parallax=&#8221;off&#8221; parallax_method=&#8221;on&#8221;][et_pb_text _builder_version=&#8221;3.10.2&#8243; text_font=&#8221;Nunito|600|||||||&#8221; text_font_size=&#8221;15px&#8221; header_font=&#8221;||||||||&#8221; header_font_size_tablet=&#8221;40px&#8221; header_font_size_last_edited=&#8221;off|desktop&#8221; header_2_font=&#8221;Abhaya Libre|700|||||||&#8221; header_2_font_size=&#8221;64px&#8221; header_2_font_size_tablet=&#8221;40px&#8221; header_2_font_size_last_edited=&#8221;on|tablet&#8221; header_2_line_height=&#8221;1.2em&#8221; header_4_font=&#8221;Nunito|700||on|||||&#8221; header_4_text_color=&#8221;#bda392&#8243; header_4_letter_spacing=&#8221;2px&#8221; header_4_line_height=&#8221;1.8em&#8221; header_6_font=&#8221;Nunito|600|||||||&#8221; header_6_text_color=&#8221;#666666&#8243; header_6_font_size=&#8221;18px&#8221; header_6_line_height=&#8221;1.4em&#8221; max_width=&#8221;600px&#8221; custom_margin=&#8221;|||&#8221; animation_style=&#8221;slide&#8221; animation_direction=&#8221;right&#8221; animation_intensity_slide=&#8221;5%&#8221; animation_starting_opacity=&#8221;100%&#8221; locked=&#8221;off&#8221;]<\/p>\n<h2>Facts Om Os<\/h2>\n<p>[\/et_pb_text][et_pb_text _builder_version=&#8221;3.10.2&#8243; text_font=&#8221;Nunito||||||||&#8221; text_font_size=&#8221;18px&#8221; text_line_height=&#8221;1.8em&#8221; header_font=&#8221;||||||||&#8221; max_width=&#8221;600px&#8221; custom_margin=&#8221;|||&#8221; custom_padding=&#8221;||10px|&#8221; animation_style=&#8221;slide&#8221; animation_direction=&#8221;right&#8221; animation_intensity_slide=&#8221;5%&#8221; animation_starting_opacity=&#8221;100%&#8221;]<\/p>\n<p>\u00d8sterskovgaard har en lang historie bag sig.<\/p>\n<p>[\/et_pb_text][\/et_pb_column][et_pb_column type=&#8221;1_4&#8243; _builder_version=&#8221;3.0.47&#8243; parallax=&#8221;off&#8221; parallax_method=&#8221;on&#8221;][et_pb_number_counter title=&#8221;Grundlagt&#8221; number=&#8221;1978&#8243; percent_sign=&#8221;off&#8221; _builder_version=&#8221;3.10.2&#8243; title_font=&#8221;Nunito|700||on|||||&#8221; title_text_color=&#8221;#666666&#8243; title_font_size=&#8221;16px&#8221; number_font=&#8221;Abhaya Libre|700|||||||&#8221; number_text_color=&#8221;#668462&#8243; number_font_size=&#8221;60px&#8221; number_line_height=&#8221;100px&#8221;][\/et_pb_number_counter][et_pb_number_counter title=&#8221;Navnet \u00d8sterskovg\u00e5rd&#8221; number=&#8221;2007&#8243; percent_sign=&#8221;off&#8221; _builder_version=&#8221;3.10.2&#8243; title_font=&#8221;Nunito|700||on|||||&#8221; title_text_color=&#8221;#666666&#8243; title_font_size=&#8221;16px&#8221; number_font=&#8221;Abhaya Libre|700|||||||&#8221; number_text_color=&#8221;#668462&#8243; number_font_size=&#8221;60px&#8221; number_line_height=&#8221;100px&#8221; locked=&#8221;off&#8221;][\/et_pb_number_counter][\/et_pb_column][et_pb_column type=&#8221;1_4&#8243; _builder_version=&#8221;3.0.47&#8243; parallax=&#8221;off&#8221; parallax_method=&#8221;on&#8221;][et_pb_number_counter title=&#8221;\u00d8kologisk&#8221; number=&#8221;100&#8243; _builder_version=&#8221;3.10.2&#8243; title_font=&#8221;Nunito|700||on|||||&#8221; title_text_color=&#8221;#666666&#8243; title_font_size=&#8221;16px&#8221; number_font=&#8221;Abhaya Libre|700|||||||&#8221; number_text_color=&#8221;#668462&#8243; number_font_size=&#8221;60px&#8221; number_line_height=&#8221;100px&#8221; locked=&#8221;off&#8221;][\/et_pb_number_counter][et_pb_number_counter title=&#8221;Overtog Stervbog\u00e5rd&#8221; number=&#8221;2015&#8243; percent_sign=&#8221;off&#8221; _builder_version=&#8221;3.10.2&#8243; title_font=&#8221;Nunito|700||on|||||&#8221; title_text_color=&#8221;#666666&#8243; title_font_size=&#8221;16px&#8221; number_font=&#8221;Abhaya Libre|700|||||||&#8221; number_text_color=&#8221;#668462&#8243; number_font_size=&#8221;60px&#8221; number_line_height=&#8221;100px&#8221; locked=&#8221;off&#8221;][\/et_pb_number_counter][\/et_pb_column][\/et_pb_row][\/et_pb_section][et_pb_section fb_built=&#8221;1&#8243; admin_label=&#8221;Footer Section&#8221; _builder_version=&#8221;3.10.2&#8243; background_color=&#8221;#22262d&#8221; custom_padding=&#8221;54px||54px||false|false&#8221;][et_pb_row custom_padding=&#8221;40px|0px|40px|0px&#8221; disabled_on=&#8221;on|on|on&#8221; _builder_version=&#8221;3.17.2&#8243;][et_pb_column type=&#8221;4_4&#8243; _builder_version=&#8221;3.0.47&#8243; parallax=&#8221;off&#8221; parallax_method=&#8221;on&#8221;][et_pb_social_media_follow _builder_version=&#8221;3.17.2&#8243; text_orientation=&#8221;center&#8221; animation_style=&#8221;slide&#8221; animation_direction=&#8221;top&#8221; animation_intensity_slide=&#8221;10%&#8221;][et_pb_social_media_follow_network social_network=&#8221;facebook&#8221; _builder_version=&#8221;3.10.2&#8243; background_color=&#8221;#668462&#8243; custom_margin=&#8221;4px|4px|4px|4px&#8221; custom_padding=&#8221;8px|8px|8px|8px&#8221; follow_button=&#8221;off&#8221; url_new_window=&#8221;on&#8221;]facebook[\/et_pb_social_media_follow_network][\/et_pb_social_media_follow][\/et_pb_column][\/et_pb_row][et_pb_row custom_padding=&#8221;60px|0px|60px|0px|false|false&#8221; _builder_version=&#8221;3.10.2&#8243;][et_pb_column type=&#8221;4_4&#8243; _builder_version=&#8221;3.0.47&#8243; parallax=&#8221;off&#8221; parallax_method=&#8221;on&#8221;][et_pb_signup mailchimp_list=&#8221;SlavaET|03dac884f0&#8243; name_field=&#8221;on&#8221; first_name_field=&#8221;off&#8221; last_name_field=&#8221;off&#8221; title=&#8221;Skriv Til Os Her&#8221; button_text=&#8221;Send&#8221; description=&#8221;&lt;p&gt;Vi er nemme at komme i kontakt med og h\u00f8rer gerne fra dig, hvis du har sp\u00f8rgsm\u00e5l om booking af lokale eller vores produkter.&lt;\/p&gt;<br \/>\n&#8221; _builder_version=&#8221;3.16&#8243; header_font=&#8221;Abhaya Libre|700|||||||&#8221; header_font_size=&#8221;42px&#8221; header_line_height=&#8221;1.6em&#8221; body_font=&#8221;Nunito||||||||&#8221; body_font_size=&#8221;18px&#8221; body_line_height=&#8221;1.8em&#8221; use_background_color=&#8221;off&#8221; custom_button=&#8221;on&#8221; button_text_size=&#8221;14px&#8221; button_text_color=&#8221;#ffffff&#8221; button_bg_color=&#8221;#668462&#8243; button_bg_use_color_gradient=&#8221;on&#8221; button_bg_color_gradient_start=&#8221;#334f37&#8243; button_bg_color_gradient_end=&#8221;rgba(51,79,55,0.05)&#8221; button_border_width=&#8221;0px&#8221; button_border_color=&#8221;#334f37&#8243; button_border_radius=&#8221;3px&#8221; button_letter_spacing=&#8221;2px&#8221; button_font=&#8221;Nunito|700||on|||||&#8221; button_use_icon=&#8221;off&#8221; custom_padding=&#8221;|||&#8221; animation_style=&#8221;fade&#8221; button_text_size__hover_enabled=&#8221;off&#8221; button_one_text_size__hover_enabled=&#8221;off&#8221; button_two_text_size__hover_enabled=&#8221;off&#8221; button_text_color__hover_enabled=&#8221;off&#8221; button_one_text_color__hover_enabled=&#8221;off&#8221; button_two_text_color__hover_enabled=&#8221;off&#8221; button_border_width__hover_enabled=&#8221;off&#8221; button_one_border_width__hover_enabled=&#8221;off&#8221; button_two_border_width__hover_enabled=&#8221;off&#8221; button_border_color__hover_enabled=&#8221;off&#8221; button_one_border_color__hover_enabled=&#8221;off&#8221; button_two_border_color__hover_enabled=&#8221;off&#8221; button_border_radius__hover_enabled=&#8221;off&#8221; button_one_border_radius__hover_enabled=&#8221;off&#8221; button_two_border_radius__hover_enabled=&#8221;off&#8221; button_letter_spacing__hover_enabled=&#8221;off&#8221; button_one_letter_spacing__hover_enabled=&#8221;off&#8221; button_two_letter_spacing__hover_enabled=&#8221;off&#8221; button_bg_color__hover_enabled=&#8221;off&#8221; button_one_bg_color__hover_enabled=&#8221;off&#8221; button_two_bg_color__hover_enabled=&#8221;off&#8221;]Curabitur ultricies blandit nisi ut convallis. Integer in augue feugiat  laoreet risus. Etiam tempus lorem luctus hendrerit.[\/et_pb_signup][\/et_pb_column][\/et_pb_row][\/et_pb_section]<\/p>\n","protected":false},"excerpt":{"rendered":"<p>Om \u00d8sterskovgaardHvem er vi? Vores HistorieFirmaet er grundlagt tilbage i 1978 under navnet Malling Maskinstation, hvor Kurt Andersen startede i Malling, og vi har eksisteret siden med kvalitetsprodukter, service og ydelser. Der er dog sket \u00e6ndringer undervejs, og navnet blev \u00e6ndret i 2007 til \u00d8sterskovg\u00e5rd. Dog er produkter, service og ydelser forblevet ved samme h\u00f8je [&hellip;]<\/p>\n","protected":false},"author":1,"featured_media":0,"parent":0,"menu_order":0,"comment_status":"closed","ping_status":"closed","template":"","meta":{"_et_pb_use_builder":"on","_et_pb_old_content":"","_et_gb_content_width":"","footnotes":""},"class_list":["post-15","page","type-page","status-publish","hentry"],"_links":{"self":[{"href":"https:\/\/oesterskovgaard.dk\/index.php?rest_route=\/wp\/v2\/pages\/15","targetHints":{"allow":["GET"]}}],"collection":[{"href":"https:\/\/oesterskovgaard.dk\/index.php?rest_route=\/wp\/v2\/pages"}],"about":[{"href":"https:\/\/oesterskovgaard.dk\/index.php?rest_route=\/wp\/v2\/types\/page"}],"author":[{"embeddable":true,"href":"https:\/\/oesterskovgaard.dk\/index.php?rest_route=\/wp\/v2\/users\/1"}],"replies":[{"embeddable":true,"href":"https:\/\/oesterskovgaard.dk\/index.php?rest_route=%2Fwp%2Fv2%2Fcomments&post=15"}],"version-history":[{"count":31,"href":"https:\/\/oesterskovgaard.dk\/index.php?rest_route=\/wp\/v2\/pages\/15\/revisions"}],"predecessor-version":[{"id":495,"href":"https:\/\/oesterskovgaard.dk\/index.php?rest_route=\/wp\/v2\/pages\/15\/revisions\/495"}],"wp:attachment":[{"href":"https:\/\/oesterskovgaard.dk\/index.php?rest_route=%2Fwp%2Fv2%2Fmedia&parent=15"}],"curies":[{"name":"wp","href":"https:\/\/api.w.org\/{rel}","templated":true}]}}